{"id":99,"date":"2025-01-12T12:54:37","date_gmt":"2025-01-12T12:54:37","guid":{"rendered":"https:\/\/www.tatranskytater.sk\/?page_id=99"},"modified":"2025-10-30T11:04:41","modified_gmt":"2025-10-30T11:04:41","slug":"domovska-stranka","status":"publish","type":"page","link":"https:\/\/www.tatranskytater.sk\/en\/","title":{"rendered":"Domovsk\u00e1 str\u00e1nka"},"content":{"rendered":"<figure class=\"wp-block-image\"><img decoding=\"async\" src=\"http:\/\/tatranskytater.sk\/wp-content\/uploads\/2025\/01\/Vector-Smart-Object.png\" alt=\"Logo\"\/><\/figure>\n\n\n\n<p>9.-10.5 Poprad<\/p>\n\n\n\n<pre class=\"wp-block-code\"><code>&lt;div class=&quot;container&quot;&gt;\n    &lt;div class=&quot;content-post&quot;&gt;\n        &lt;div class=&quot;row&quot;&gt;\n            &lt;div class=&quot;col-sm-12&quot;&gt;\n                &lt;div class=&quot;about-text margin-20&quot;&gt;\n                    &lt;h2 style=&quot;font-weight: 600; font-size: 40px;&quot;&gt;About the event&lt;\/h2&gt;\n                    &lt;p&gt;TATRANSK&Yacute; TAT&Eacute;R je akcia nielen pre tat&eacute;rov a fan&uacute;&scaron;ikov tetovania, ale aj pre v&scaron;etk&yacute;ch\n                        zvedavcov,<\/code><\/pre>\n\n\n\n<p>&nbsp; &nbsp; &nbsp; &nbsp; &nbsp; &nbsp; &nbsp; &nbsp; &nbsp; &nbsp; &nbsp; &nbsp; &nbsp; ktor\u00ed by sa radi dozvedeli viac o tomto kr\u00e1snom remesle a chceli by sa pozrie\u0165 na priebeh<br>tetovania priamo cez plece tat\u00e9ra.<br><\/p>\n\n\n\n<pre class=\"wp-block-code\"><code>                        Tat&eacute;ri bud&uacute; po\u010das cel&eacute;ho d\u0148a na svojich stanovisk&aacute;ch pred zrakmi n&aacute;v&scaron;tevn&iacute;kov pracova\u0165 na\n                        s&uacute;\u0165a\u017enom tetovan&iacute;. V z&aacute;vere d\u0148a bude nasledova\u0165 vyhodnotenie a vyhl&aacute;senie v&iacute;\u0165azn&yacute;ch pr&aacute;c. O\n                        v&yacute;sledkoch rozhodne odborn&aacute; porota zlo\u017een&aacute; z piatich umelcov.&lt;\/p&gt;\n                &lt;\/div&gt;\n            &lt;\/div&gt;\n        &lt;\/div&gt;\n        &lt;div class=&quot;row&quot;&gt;\n            &lt;div class=&quot;col-sm-12 col-md-6&quot;&gt;\n                &lt;div class=&quot;about-image margin-20&quot;&gt;\n                    &lt;img src=&quot;http:\/\/tatranskytater.sk\/wp-content\/uploads\/2025\/01\/arena.jpg&quot; width=&quot;100%&quot;\n                        alt=&quot;Tattoo event&quot;&gt;\n                &lt;\/div&gt;\n            &lt;\/div&gt;\n            &lt;div class=&quot;col-sm-12 col-md-6&quot;&gt;\n                &lt;section class=&quot;countdown margin-20&quot;&gt;\n                    &lt;h2&gt;The event is just around the corner:&lt;\/h2&gt;\n                    &lt;div id=&quot;countdown-timer&quot; class=&quot;countdown-timer&quot;&gt;\n                        &lt;div class=&quot;countdown-segment&quot;&gt;\n                            &lt;span class=&quot;countdown-value&quot; id=&quot;days&quot;&gt;0&lt;\/span&gt;\n                            &lt;span class=&quot;countdown-label&quot;&gt;days&lt;\/span&gt;\n                        &lt;\/div&gt;\n                        &lt;div class=&quot;countdown-segment&quot;&gt;\n                            &lt;span class=&quot;countdown-value&quot; id=&quot;hours&quot;&gt;0&lt;\/span&gt;\n                            &lt;span class=&quot;countdown-label&quot;&gt;hours&lt;\/span&gt;\n                        &lt;\/div&gt;\n                        &lt;div class=&quot;countdown-segment&quot;&gt;\n                            &lt;span class=&quot;countdown-value&quot; id=&quot;minutes&quot;&gt;0&lt;\/span&gt;\n                            &lt;span class=&quot;countdown-label&quot;&gt;minutes&lt;\/span&gt;\n                        &lt;\/div&gt;\n                        &lt;div class=&quot;countdown-segment&quot;&gt;\n                            &lt;span class=&quot;countdown-value&quot; id=&quot;seconds&quot;&gt;0&lt;\/span&gt;\n                            &lt;span class=&quot;countdown-label&quot;&gt;seconds&lt;\/span&gt;\n                        &lt;\/div&gt;\n                    &lt;\/div&gt;\n                &lt;\/section&gt;\n            &lt;\/div&gt;\n        &lt;\/div&gt;\n        &lt;div class=&quot;row&quot;&gt;\n            &lt;div class=&quot;col-sm-12 col-md-6 col-lg-3&quot;&gt;\n                &lt;div class=&quot;feature-item&quot;&gt;\n                    &lt;svg class=&quot;w-6 h-6 text-gray-800 dark:text-white&quot; aria-hidden=&quot;true&quot;\n                        xmlns=&quot;http:\/\/www.w3.org\/2000\/svg&quot; width=&quot;24&quot; height=&quot;24&quot; fill=&quot;currentColor&quot;\n                        viewbox=&quot;0 0 24 24&quot;&gt;\n                        &lt;path fill-rule=&quot;evenodd&quot;\n                            d=&quot;M12 6a3.5 3.5 0 1 0 0 7 3.5 3.5 0 0 0 0-7Zm-1.5 8a4 4 0 0 0-4 4 2 2 0 0 0 2 2h7a2 2 0 0 0 2-2 4 4 0 0 0-4-4h-3Zm6.82-3.096a5.51 5.51 0 0 0-2.797-6.293 3.5 3.5 0 1 1 2.796 6.292ZM19.5 18h.5a2 2 0 0 0 2-2 4 4 0 0 0-4-4h-1.1a5.503 5.503 0 0 1-.471.762A5.998 5.998 0 0 1 19.5 18ZM4 7.5a3.5 3.5 0 0 1 5.477-2.889 5.5 5.5 0 0 0-2.796 6.293A3.501 3.501 0 0 1 4 7.5ZM7.1 12H6a4 4 0 0 0-4 4 2 2 0 0 0 2 2h.5a5.998 5.998 0 0 1 3.071-5.238A5.505 5.505 0 0 1 7.1 12Z&quot;\n                            clip-rule=&quot;evenodd&quot; \/&gt;\n                    &lt;\/svg&gt;\n\n                    &lt;p&gt;TOP TATTOO ARTISTS FROM THE CZECH REPUBLIC AND SLOVAKIA&lt;\/p&gt;\n                &lt;\/div&gt;\n            &lt;\/div&gt;\n            &lt;div class=&quot;col-sm-12 col-md-6 col-lg-3&quot;&gt;\n                &lt;div class=&quot;feature-item&quot;&gt;\n                    &lt;svg version=&quot;1.1&quot; id=&quot;Layer_1&quot; xmlns=&quot;http:\/\/www.w3.org\/2000\/svg&quot;\n                        xmlns:xlink=&quot;http:\/\/www.w3.org\/1999\/xlink&quot; x=&quot;0px&quot; y=&quot;0px&quot; viewbox=&quot;0 0 92.35 122.88&quot;\n                        style=&quot;enable-background:new 0 0 92.35 122.88&quot; xml:space=&quot;preserve&quot;&gt;\n                        &lt;style type=&quot;text\/css&quot;&gt;\n                            .st0 {\n                                fill-rule: evenodd;\n                                clip-rule: evenodd;\n                            }\n                        &lt;\/style&gt;\n                        &lt;g&gt;\n                            &lt;path class=&quot;st0&quot;\n                                d=&quot;M46.18,0.01c2.17-0.09,3.88,0.66,5.61,1.76c2.19,1.39,4.66,4.14,7.71,5.88c4.29,2.45,12.23-0.93,16.29,5.11 c2.37,3.52,2.48,6.28,2.66,9.01c0.19,2.94,0.71,5.65,3.72,9.63c4.99,6.6,6.03,10.99,3.46,15.56c-1.75,3.12-5.44,4.85-6.29,6.83 c-1.82,4.2,0.19,7.37-2.29,12.27c-1.73,3.4-4.39,5.64-7.94,6.78c-2.99,0.96-5.99-0.43-8.39,0.58c-4.21,1.77-7.31,5.88-10.66,6.92 c-1.29,0.4-2.58,0.6-3.87,0.59c-1.29,0.01-2.58-0.19-3.87-0.59c-3.35-1.04-6.45-5.15-10.66-6.92c-2.4-1.01-5.4,0.39-8.39-0.58 c-3.55-1.14-6.21-3.38-7.94-6.78c-2.49-4.9-0.48-8.07-2.29-12.27c-0.85-1.98-4.54-3.71-6.29-6.83C4.16,42.39,5.2,38,10.19,31.41 c3.01-3.98,3.53-6.69,3.72-9.63c0.18-2.73,0.29-5.49,2.66-9.01c4.07-6.04,12.01-2.66,16.29-5.11c3.05-1.74,5.52-4.49,7.71-5.88 C42.29,0.67,44.01-0.09,46.18,0.01L46.18,0.01z M46.18,25.97l4.46,10.9l11.75,0.87l-8.99,7.61l2.8,11.44l-10.02-6.2l-10.02,6.2 l2.8-11.44l-8.99-7.61l11.75-0.87L46.18,25.97L46.18,25.97z M88.96,113.07L77.41,111l-5.73,10.26c-4.16,5.15-6.8-3.32-7.96-6.27 L52.57,93.96c2.57-0.89,5.67-3.46,8.85-6.35c6.35,0.13,12.27-0.97,16.62-6.51l12.81,24.75l1.11,2.38 C92.84,111.32,92.38,113.36,88.96,113.07L88.96,113.07z M3.39,113.07L14.95,111l5.73,10.26c4.16,5.15,6.8-3.32,7.96-6.27 l11.15-21.03c-2.57-0.89-5.67-3.46-8.85-6.35c-6.35,0.13-12.27-0.97-16.62-6.51L1.5,105.85l-1.11,2.38 C-0.49,111.32-0.03,113.36,3.39,113.07L3.39,113.07z M46.06,16.1c13.8,0,24.99,11.19,24.99,24.99c0,13.8-11.19,24.99-24.99,24.99 c-13.8,0-24.99-11.19-24.99-24.99C21.08,27.29,32.26,16.1,46.06,16.1L46.06,16.1z&quot; \/&gt;\n                        &lt;\/g&gt;\n                    &lt;\/svg&gt;\n                    &lt;p&gt;MOST SUCCESSFUL EVENT&lt;\/p&gt;\n                &lt;\/div&gt;\n            &lt;\/div&gt;\n            &lt;div class=&quot;col-sm-12 col-md-6 col-lg-3&quot;&gt;\n                &lt;div class=&quot;feature-item&quot;&gt;\n                    &lt;svg version=&quot;1.1&quot; id=&quot;Layer_1&quot; xmlns=&quot;http:\/\/www.w3.org\/2000\/svg&quot;\n                        xmlns:xlink=&quot;http:\/\/www.w3.org\/1999\/xlink&quot; x=&quot;0px&quot; y=&quot;0px&quot; viewbox=&quot;0 0 122.88 83.78&quot;\n                        style=&quot;enable-background:new 0 0 122.88 83.78&quot; xml:space=&quot;preserve&quot;&gt;\n                        &lt;g&gt;\n                            &lt;path\n                                d=&quot;M95.73,10.81c10.53,7.09,19.6,17.37,26.48,29.86l0.67,1.22l-0.67,1.21c-6.88,12.49-15.96,22.77-26.48,29.86 C85.46,79.88,73.8,83.78,61.44,83.78c-12.36,0-24.02-3.9-34.28-10.81C16.62,65.87,7.55,55.59,0.67,43.1L0,41.89l0.67-1.22 c6.88-12.49,15.95-22.77,26.48-29.86C37.42,3.9,49.08,0,61.44,0C73.8,0,85.45,3.9,95.73,10.81L95.73,10.81z M60.79,22.17l4.08,0.39 c-1.45,2.18-2.31,4.82-2.31,7.67c0,7.48,5.86,13.54,13.1,13.54c2.32,0,4.5-0.62,6.39-1.72c0.03,0.47,0.05,0.94,0.05,1.42 c0,11.77-9.54,21.31-21.31,21.31c-11.77,0-21.31-9.54-21.31-21.31C39.48,31.71,49.02,22.17,60.79,22.17L60.79,22.17L60.79,22.17z M109,41.89c-5.5-9.66-12.61-17.6-20.79-23.11c-8.05-5.42-17.15-8.48-26.77-8.48c-9.61,0-18.71,3.06-26.76,8.48 c-8.18,5.51-15.29,13.45-20.8,23.11c5.5,9.66,12.62,17.6,20.8,23.1c8.05,5.42,17.15,8.48,26.76,8.48c9.62,0,18.71-3.06,26.77-8.48 C96.39,59.49,103.5,51.55,109,41.89L109,41.89z&quot; \/&gt;\n                        &lt;\/g&gt;\n                    &lt;\/svg&gt;\n                    &lt;p&gt;Tattooing right in front of the audience&#039;s eyes&lt;\/p&gt;\n                &lt;\/div&gt;\n            &lt;\/div&gt;\n            &lt;div class=&quot;col-sm-12 col-md-6 col-lg-3&quot;&gt;\n                &lt;div class=&quot;feature-item&quot;&gt;\n                    &lt;svg version=&quot;1.1&quot; id=&quot;Layer_1&quot; xmlns=&quot;http:\/\/www.w3.org\/2000\/svg&quot;\n                        xmlns:xlink=&quot;http:\/\/www.w3.org\/1999\/xlink&quot; x=&quot;0px&quot; y=&quot;0px&quot; viewbox=&quot;0 0 116.95 122.88&quot;\n                        style=&quot;enable-background:new 0 0 116.95 122.88&quot; xml:space=&quot;preserve&quot;&gt;\n                        &lt;style type=&quot;text\/css&quot;&gt;\n                            .st0 {\n                                fill-rule: evenodd;\n                                clip-rule: evenodd;\n                            }\n                        &lt;\/style&gt;\n                        &lt;g&gt;\n                            &lt;path class=&quot;st0&quot;\n                                d=&quot;M88.75,28.3h27.96c1.45,25.32-2.84,48.84-37.55,47.08c-8.49,10.24-18.71,12.95-13.08,28.24h5.78 c2.9,0,5.26,2.37,5.26,5.26v4.28h2.21c2.84,0,5.17,2.32,5.17,5.17v4.55H32.45v-4.55c0-2.84,2.32-5.17,5.17-5.17h2.21v-4.28 c0-2.9,2.37-5.26,5.26-5.26h6.38c5.27-15.01-4.78-17.25-13.3-28.27C3.11,77.31-1.22,53.72,0.24,28.3H28.2v-8.77h-4.65 c-2.91,0-5.28-2.38-5.28-5.28v-5.2h-0.39c-2.49,0-4.52-2.04-4.52-4.52V1.8c0-0.99,0.81-1.8,1.8-1.8h86.64c0.99,0,1.8,0.81,1.8,1.8 v2.72c0,2.49-2.04,4.52-4.52,4.52h-0.39v5.2c0,2.91-2.38,5.28-5.28,5.28h-4.65V28.3L88.75,28.3z M58.48,30.82l3.13,7.62l8.23,0.62 l-6.3,5.34l1.96,8l-7.01-4.34l-7.01,4.34l1.96-8l-6.3-5.34l8.23-0.62L58.48,30.82L58.48,30.82z M86.24,37.78l-3.11,28.06 c20.66-0.21,23.82-11.59,23.82-28.06H86.24L86.24,37.78z M30.71,37.78l3.11,28.06C13.17,65.63,10,54.25,10,37.78H30.71L30.71,37.78 z M58.48,25.91c8.67,0,15.7,7.03,15.7,15.7c0,8.67-7.03,15.7-15.7,15.7c-8.67,0-15.7-7.03-15.7-15.7 C42.77,32.94,49.8,25.91,58.48,25.91L58.48,25.91z&quot; \/&gt;\n                        &lt;\/g&gt;\n                    &lt;\/svg&gt;\n                    &lt;p&gt;EXPERT JURY&lt;\/p&gt;\n                &lt;\/div&gt;\n            &lt;\/div&gt;\n        &lt;\/div&gt;\n\n        &lt;div class=&quot;row&quot;&gt;\n            &lt;div class=&quot;col-sm-12 col-md-6&quot;&gt;\n                &lt;div class=&quot;location-map margin-20&quot;&gt;\n                    &lt;iframe\n                        src=&quot;https:\/\/www.google.com\/maps\/embed?pb=!1m18!1m12!1m3!1d2615.1131744335703!2d20.28819207700307!3d49.04647167135816!2m3!1f0!2f0!3f0!3m2!1i1024!2i768!4f13.1!3m3!1m2!1s0x473e3a9853fb7863%3A0x42747e1f358d4fe3!2sAr%C3%A9na%20Poprad!5e0!3m2!1sen!2ssk!4v1736700697552!5m2!1sen!2ssk&quot;\n                        width=&quot;600&quot; height=&quot;300&quot; style=&quot;border:0;&quot; allowfullscreen=&quot;&quot; loading=&quot;lazy&quot;\n                        referrerpolicy=&quot;no-referrer-when-downgrade&quot;&gt;&lt;\/iframe&gt;\n                &lt;\/div&gt;\n            &lt;\/div&gt;\n            &lt;div class=&quot;col-sm-12 col-md-6&quot;&gt;\n                &lt;div class=&quot;location-text margin-20&quot;&gt;\n                    &lt;h2 style=&quot;font-weight: 600; font-size: 28px; font-family: &#039;Open Sans&quot;&gt;Venue&lt;\/h2&gt;\n                    &lt;p style=&quot;font-weight: 600; font-size: 20px; font-family: &#039;Open Sans&quot;&gt;POPRAD ARENA&lt;\/p&gt;\n                    &lt;p style=&quot;font-weight: 600; font-size: 20px; font-family: &#039;Open Sans&quot;&gt;UHEROVA 4680\/2&lt;\/p&gt;\n                    &lt;p style=&quot;font-weight: 600; font-size: 20px; font-family: &#039;Open Sans&quot;&gt;058 01 POPRAD-JUH 3&lt;\/p&gt;\n                &lt;\/div&gt;\n            &lt;\/div&gt;\n        &lt;\/div&gt;\n        &lt;div class=&quot;row&quot;&gt;\n            &lt;div class=&quot;col-sm-12 col-md-6&quot;&gt;\n                &lt;div class=&quot;sponsor margin-20&quot;\n                    style=&quot;font-family: &#039;Franklin Gothic&#039;;      display: flex; flex-direction: column; align-items: center; justify-content: center;&quot;&gt;\n                    &lt;h3 style=&quot;font-weight: 500;&quot;&gt;PROJECT ORGANIZER: &lt;\/h3&gt;\n                    &lt;h2 style=&quot;font-weight: 600; font-size: 40px; text-align: center;&quot;&gt;TATRANSK&Yacute; TAT&Eacute;R&lt;\/h2&gt;\n                &lt;\/div&gt;\n            &lt;\/div&gt;\n            &lt;div class=&quot;col-sm-12 col-md-6&quot;&gt;\n                &lt;div class=&quot;sponsor margin-20&quot;\n                    style=&quot; display: flex; flex-direction: column; align-items: center; justify-content: center; padding: 2rem;&quot;&gt;\n                    &lt;img src=&quot;http:\/\/tatranskytater.sk\/wp-content\/uploads\/2025\/01\/Layer-10.png&quot; width=&quot;100%&quot;\n                        alt=&quot;Lacasta&quot;&gt;\n                &lt;\/div&gt;\n            &lt;\/div&gt;\n        &lt;\/div&gt;\n        &lt;div class=&quot;row&quot;&gt;\n            &lt;div class=&quot;col-sm-12 col-md-6&quot;&gt;\n                &lt;div class=&quot;sponsor margin-20&quot;\n                    style=&quot;font-family: &#039;Franklin Gothic&#039;;      display: flex; flex-direction: column; align-items: center; justify-content: center;&quot;&gt;<\/code><\/pre>\n\n\n\n<h3 class=\"wp-block-heading\">MAIN PARTNER:<\/h3>\n\n\n\n<h2 class=\"wp-block-heading\">PRODAK TATTOO STUDIO SHOP<\/h2>\n\n\n\n<figure class=\"wp-block-image\"><img decoding=\"async\" src=\"https:\/\/www.tatranskytater.sk\/wp-content\/uploads\/2025\/02\/Prodak-logo-vector-black-1-.png\" alt=\"Prodak\"\/><\/figure>","protected":false},"excerpt":{"rendered":"<p>9.-10.5 Poprad &nbsp; &nbsp; &nbsp; &nbsp; &nbsp; &nbsp; &nbsp; &nbsp; &nbsp; &nbsp; &nbsp; &nbsp; &nbsp; ktor\u00ed by sa radi dozvedeli viac o tomto kr\u00e1snom remesle a chceli by sa pozrie\u0165 na priebehtetovania priamo cez plece tat\u00e9ra. HLAVN\u00dd PARTNER: PRODAK TATTOO STUDIO SHOP<\/p>","protected":false},"author":1,"featured_media":0,"parent":0,"menu_order":0,"comment_status":"closed","ping_status":"closed","template":"templates\/homepage.php","meta":{"footnotes":""},"class_list":["post-99","page","type-page","status-publish","hentry"],"_links":{"self":[{"href":"https:\/\/www.tatranskytater.sk\/en\/wp-json\/wp\/v2\/pages\/99","targetHints":{"allow":["GET"]}}],"collection":[{"href":"https:\/\/www.tatranskytater.sk\/en\/wp-json\/wp\/v2\/pages"}],"about":[{"href":"https:\/\/www.tatranskytater.sk\/en\/wp-json\/wp\/v2\/types\/page"}],"author":[{"embeddable":true,"href":"https:\/\/www.tatranskytater.sk\/en\/wp-json\/wp\/v2\/users\/1"}],"replies":[{"embeddable":true,"href":"https:\/\/www.tatranskytater.sk\/en\/wp-json\/wp\/v2\/comments?post=99"}],"version-history":[{"count":3,"href":"https:\/\/www.tatranskytater.sk\/en\/wp-json\/wp\/v2\/pages\/99\/revisions"}],"predecessor-version":[{"id":353,"href":"https:\/\/www.tatranskytater.sk\/en\/wp-json\/wp\/v2\/pages\/99\/revisions\/353"}],"wp:attachment":[{"href":"https:\/\/www.tatranskytater.sk\/en\/wp-json\/wp\/v2\/media?parent=99"}],"curies":[{"name":"wp","href":"https:\/\/api.w.org\/{rel}","templated":true}]}}