{"id":253,"date":"2025-01-22T10:21:34","date_gmt":"2025-01-22T10:21:34","guid":{"rendered":"https:\/\/www.tatranskytater.sk\/?page_id=253"},"modified":"2025-10-25T09:45:13","modified_gmt":"2025-10-25T09:45:13","slug":"kontakt","status":"publish","type":"page","link":"https:\/\/www.tatranskytater.sk\/en\/kontakt\/","title":{"rendered":"Contact"},"content":{"rendered":"<div class=\"contact-container\">\n        <h3 style=\"color:white !important\">Contact<\/h3>\n        <div class=\"contact-item\">\n            <i class=\"fas fa-phone\"><\/i>\n            +421 950 475 180\n        <\/div>\n        <div class=\"contact-item\">\n            <i class=\"fas fa-envelope\"><\/i>\n            <a href=\"mailto:tatranskytater@gmail.com\">mailto:tatranskytater@gmail.com<\/a>\n        <\/div>\n       \n        <div class=\"contact-item\">\n            <strong>ORGANIZER:<\/strong><br>\n            La Casta Tattoo Studio<br>\n            <a href=\"http:\/\/www.lacasta.sk\" target=\"_blank\">www.lacasta.sk<\/a><br>\n            Francisciho 20, Poprad\n        <\/div>\n        <div class=\"link\" style=\"display: flex; gap: 16px;justify-content: center;\">\n            <a href=\"https:\/\/www.facebook.com\/people\/Tatransk%C3%BD-Tat%C3%A9r\/61551949566094\/\" target=\"_blank\">\n                <svg xmlns=\"http:\/\/www.w3.org\/2000\/svg\" viewbox=\"0 0 448 512\" width=\"32px\" fill=\"white\"><path d=\"M64 32C28.7 32 0 60.7 0 96V416c0 35.3 28.7 64 64 64h98.2V334.2H109.4V256h52.8V222.3c0-87.1 39.4-127.5 125-127.5c16.2 0 44.2 3.2 55.7 6.4V172c-6-.6-16.5-1-29.6-1c-42 0-58.2 15.9-58.2 57.2V256h83.6l-14.4 78.2H255V480H384c35.3 0 64-28.7 64-64V96c0-35.3-28.7-64-64-64H64z\"\/><\/svg>\n            <\/a>\n<a href=\"https:\/\/www.instagram.com\/tatransky.tater\/\">\n<svg xmlns=\"http:\/\/www.w3.org\/2000\/svg\" viewbox=\"0 0 448 512\" width=\"32px\" fill=\"white\"><path d=\"M194.4 211.7a53.3 53.3 0 1 0 59.3 88.7 53.3 53.3 0 1 0 -59.3-88.7zm142.3-68.4c-5.2-5.2-11.5-9.3-18.4-12c-18.1-7.1-57.6-6.8-83.1-6.5c-4.1 0-7.9 .1-11.2 .1c-3.3 0-7.2 0-11.4-.1c-25.5-.3-64.8-.7-82.9 6.5c-6.9 2.7-13.1 6.8-18.4 12s-9.3 11.5-12 18.4c-7.1 18.1-6.7 57.7-6.5 83.2c0 4.1 .1 7.9 .1 11.1s0 7-.1 11.1c-.2 25.5-.6 65.1 6.5 83.2c2.7 6.9 6.8 13.1 12 18.4s11.5 9.3 18.4 12c18.1 7.1 57.6 6.8 83.1 6.5c4.1 0 7.9-.1 11.2-.1c3.3 0 7.2 0 11.4 .1c25.5 .3 64.8 .7 82.9-6.5c6.9-2.7 13.1-6.8 18.4-12s9.3-11.5 12-18.4c7.2-18 6.8-57.4 6.5-83c0-4.2-.1-8.1-.1-11.4s0-7.1 .1-11.4c.3-25.5 .7-64.9-6.5-83l0 0c-2.7-6.9-6.8-13.1-12-18.4zm-67.1 44.5A82 82 0 1 1 178.4 324.2a82 82 0 1 1 91.1-136.4zm29.2-1.3c-3.1-2.1-5.6-5.1-7.1-8.6s-1.8-7.3-1.1-11.1s2.6-7.1 5.2-9.8s6.1-4.5 9.8-5.2s7.6-.4 11.1 1.1s6.5 3.9 8.6 7s3.2 6.8 3.2 10.6c0 2.5-.5 5-1.4 7.3s-2.4 4.4-4.1 6.2s-3.9 3.2-6.2 4.2s-4.8 1.5-7.3 1.5l0 0c-3.8 0-7.5-1.1-10.6-3.2zM448 96c0-35.3-28.7-64-64-64H64C28.7 32 0 60.7 0 96V416c0 35.3 28.7 64 64 64H384c35.3 0 64-28.7 64-64V96zM357 389c-18.7 18.7-41.4 24.6-67 25.9c-26.4 1.5-105.6 1.5-132 0c-25.6-1.3-48.3-7.2-67-25.9s-24.6-41.4-25.8-67c-1.5-26.4-1.5-105.6 0-132c1.3-25.6 7.1-48.3 25.8-67s41.5-24.6 67-25.8c26.4-1.5 105.6-1.5 132 0c25.6 1.3 48.3 7.1 67 25.8s24.6 41.4 25.8 67c1.5 26.3 1.5 105.4 0 131.9c-1.3 25.6-7.1 48.3-25.8 67z\"\/><\/svg><\/a>\n        <\/div>\n    <\/div>\n\n\n\n<div style=\"height:100px\" aria-hidden=\"true\" class=\"wp-block-spacer\"><\/div>\n\n\n\n<div class=\"wp-block-columns is-layout-flex wp-container-core-columns-is-layout-9d6595d7 wp-block-columns-is-layout-flex\">\n<div class=\"wp-block-column is-vertically-aligned-top is-layout-flow wp-block-column-is-layout-flow\" style=\"flex-basis:100%\">\n<div class=\"wp-block-columns is-layout-flex wp-container-core-columns-is-layout-9d6595d7 wp-block-columns-is-layout-flex\">\n<div class=\"wp-block-column is-layout-flow wp-block-column-is-layout-flow\">\n<h2 class=\"wp-block-heading has-text-align-center\">Contact form<\/h2>\n\n\n\n<div class=\"wpcf7 no-js\" id=\"wpcf7-f270-o1\" lang=\"sk-SK\" dir=\"ltr\" data-wpcf7-id=\"270\">\n<div class=\"screen-reader-response\"><p role=\"status\" aria-live=\"polite\" aria-atomic=\"true\"><\/p> <ul><\/ul><\/div>\n<form action=\"\/en\/wp-json\/wp\/v2\/pages\/253#wpcf7-f270-o1\" method=\"post\" class=\"wpcf7-form init\" aria-label=\"Contact form\" novalidate=\"novalidate\" data-status=\"init\" data-trp-original-action=\"\/en\/wp-json\/wp\/v2\/pages\/253#wpcf7-f270-o1\">\n<fieldset class=\"hidden-fields-container\"><input type=\"hidden\" name=\"_wpcf7\" value=\"270\" \/><input type=\"hidden\" name=\"_wpcf7_version\" value=\"6.1.2\" \/><input type=\"hidden\" name=\"_wpcf7_locale\" value=\"sk_SK\" \/><input type=\"hidden\" name=\"_wpcf7_unit_tag\" value=\"wpcf7-f270-o1\" \/><input type=\"hidden\" name=\"_wpcf7_container_post\" value=\"0\" \/><input type=\"hidden\" name=\"_wpcf7_posted_data_hash\" value=\"\" \/><input type=\"hidden\" name=\"_wpcf7_recaptcha_response\" value=\"\" \/>\n<\/fieldset>\n<p><label> Your name<br \/>\n<span class=\"wpcf7-form-control-wrap\" data-name=\"your-name\"><input size=\"40\" maxlength=\"400\" class=\"wpcf7-form-control wpcf7-text wpcf7-validates-as-required\" aria-required=\"true\" aria-invalid=\"false\" value=\"\" type=\"text\" name=\"your-name\" \/><\/span> <\/label>\n<\/p>\n<p><label> Your email<br \/>\n<span class=\"wpcf7-form-control-wrap\" data-name=\"your-email\"><input size=\"40\" maxlength=\"400\" class=\"wpcf7-form-control wpcf7-email wpcf7-validates-as-required wpcf7-text wpcf7-validates-as-email\" aria-required=\"true\" aria-invalid=\"false\" value=\"\" type=\"email\" name=\"your-email\" \/><\/span> <\/label>\n<\/p>\n<p><label> Subject<br \/>\n<span class=\"wpcf7-form-control-wrap\" data-name=\"your-subject\"><input size=\"40\" maxlength=\"400\" class=\"wpcf7-form-control wpcf7-text wpcf7-validates-as-required\" aria-required=\"true\" aria-invalid=\"false\" value=\"\" type=\"text\" name=\"your-subject\" \/><\/span> <\/label>\n<\/p>\n<p><label> Your message<br \/>\n<span class=\"wpcf7-form-control-wrap\" data-name=\"your-message\"><textarea cols=\"40\" rows=\"10\" maxlength=\"2000\" class=\"wpcf7-form-control wpcf7-textarea wpcf7-validates-as-required\" aria-required=\"true\" aria-invalid=\"false\" name=\"your-message\"><\/textarea><\/span> <\/label>\n<\/p>\n<span class=\"wpcf7-form-control-wrap recaptcha\" data-name=\"recaptcha\"><span data-sitekey=\"6LdMAOIqAAAAAOU5ZAqrJTJais4S43NxNwkzUJvB\" class=\"wpcf7-form-control wpcf7-recaptcha g-recaptcha\"><\/span>\r\n<noscript>\r\n\t<div class=\"grecaptcha-noscript\">\r\n\t\t<iframe loading=\"lazy\" src=\"https:\/\/www.google.com\/recaptcha\/api\/fallback?k=6LdMAOIqAAAAAOU5ZAqrJTJais4S43NxNwkzUJvB\" frameborder=\"0\" scrolling=\"no\" width=\"310\" height=\"430\">\r\n\t\t<\/iframe>\r\n\t\t<textarea name=\"g-recaptcha-response\" rows=\"3\" cols=\"40\" placeholder=\"reCaptcha Response Here\">\r\n\t\t<\/textarea>\r\n\t<\/div>\r\n<\/noscript>\r\n<\/span>\n<p><input class=\"wpcf7-form-control wpcf7-submit has-spinner\" type=\"submit\" value=\"Send\" \/>\n<\/p><div class=\"wpcf7-response-output\" aria-hidden=\"true\"><\/div>\n<input type=\"hidden\" name=\"trp-form-language\" value=\"en\"\/><\/form>\n<\/div>\n\n<\/div>\n\n\n\n<div class=\"wp-block-column is-layout-flow wp-block-column-is-layout-flow\">\n<h2 class=\"wp-block-heading has-text-align-center\">Venue of the event<\/h2>\n\n\n\n<div class=\"location-map\">\n                    <iframe\n                        src=\"https:\/\/www.google.com\/maps\/embed?pb=!1m18!1m12!1m3!1d2615.1131744335703!2d20.28819207700307!3d49.04647167135816!2m3!1f0!2f0!3f0!3m2!1i1024!2i768!4f13.1!3m3!1m2!1s0x473e3a9853fb7863%3A0x42747e1f358d4fe3!2sAr%C3%A9na%20Poprad!5e0!3m2!1sen!2ssk!4v1736700697552!5m2!1sen!2ssk\"\n                        width=\"600\" height=\"300\" style=\"border:0;\" allowfullscreen=\"\" loading=\"lazy\"\n                        referrerpolicy=\"no-referrer-when-downgrade\"><\/iframe>\n                <\/div>\n\n\n\n<p><\/p>\n\n\n\n<p class=\"content-post\">Parking: Parking spaces are available directly at the Poprad Arena complex. If there are no spaces available, the Kaufland and MAX shopping centers are located within a 5-minute walk, where parking is also available.&nbsp;<\/p>\n<\/div>\n<\/div>\n<\/div>\n<\/div>\n\n\n\n<p><\/p>","protected":false},"excerpt":{"rendered":"<p>Kontakt +421 950 475 180 tatranskytater@gmail.com ORGANIZ\u00c1TOR: Tetovacie \u0161t\u00fadio La Casta www.lacasta.sk Francisciho 20, Poprad Kontaktn\u00fd formul\u00e1r Miesto konania Parkovanie: Parkovacie miesta priamo v are\u00e1li Ar\u00e9ny Poprad, v pr\u00edpade nedostatku parkovac\u00edch mies sa v pe\u0161ej vzdialenosti max. 5 min\u00fat nach\u00e1dzaj\u00fa OC Kaufland a OC MAX, kde je mo\u017en\u00e9 tie\u017e zaparkova\u0165.&nbsp;<\/p>","protected":false},"author":1,"featured_media":0,"parent":0,"menu_order":0,"comment_status":"closed","ping_status":"closed","template":"templates\/default-page-template.php","meta":{"footnotes":""},"class_list":["post-253","page","type-page","status-publish","hentry"],"_links":{"self":[{"href":"https:\/\/www.tatranskytater.sk\/en\/wp-json\/wp\/v2\/pages\/253","targetHints":{"allow":["GET"]}}],"collection":[{"href":"https:\/\/www.tatranskytater.sk\/en\/wp-json\/wp\/v2\/pages"}],"about":[{"href":"https:\/\/www.tatranskytater.sk\/en\/wp-json\/wp\/v2\/types\/page"}],"author":[{"embeddable":true,"href":"https:\/\/www.tatranskytater.sk\/en\/wp-json\/wp\/v2\/users\/1"}],"replies":[{"embeddable":true,"href":"https:\/\/www.tatranskytater.sk\/en\/wp-json\/wp\/v2\/comments?post=253"}],"version-history":[{"count":27,"href":"https:\/\/www.tatranskytater.sk\/en\/wp-json\/wp\/v2\/pages\/253\/revisions"}],"predecessor-version":[{"id":412,"href":"https:\/\/www.tatranskytater.sk\/en\/wp-json\/wp\/v2\/pages\/253\/revisions\/412"}],"wp:attachment":[{"href":"https:\/\/www.tatranskytater.sk\/en\/wp-json\/wp\/v2\/media?parent=253"}],"curies":[{"name":"wp","href":"https:\/\/api.w.org\/{rel}","templated":true}]}}