{"id":132,"date":"2025-01-20T18:30:16","date_gmt":"2025-01-20T18:30:16","guid":{"rendered":"https:\/\/www.tatranskytater.sk\/?page_id=132"},"modified":"2025-10-16T08:34:12","modified_gmt":"2025-10-16T08:34:12","slug":"prihlaska-pre-taterov","status":"publish","type":"page","link":"https:\/\/www.tatranskytater.sk\/en\/prihlaska-pre-taterov\/","title":{"rendered":"Application for artists"},"content":{"rendered":"<h1 class=\"wp-block-heading has-text-align-center\">Application for artists<\/h1>\n\n\n\n<h3 class=\"wp-block-heading has-text-align-center\"><strong>Registration fee for Tatransk\u00fd Tat\u00e9r<\/strong><\/h3>\n\n\n\n<p class=\"has-text-align-center\">2 days \/ 220\u20ac<\/p>\n\n\n\n<p class=\"has-text-align-center\">Deposit \u20ac100<\/p>\n\n\n\n<div style=\"height:35px\" aria-hidden=\"true\" class=\"wp-block-spacer\"><\/div>\n\n\n\n<p class=\"has-text-align-center\"><strong>Registration for tattoo artists for this year is open.<\/strong><br><\/p>\n\n\n\n<div class=\"wpcf7 no-js\" id=\"wpcf7-f131-o1\" lang=\"sk-SK\" dir=\"ltr\" data-wpcf7-id=\"131\">\n<div class=\"screen-reader-response\"><p role=\"status\" aria-live=\"polite\" aria-atomic=\"true\"><\/p> <ul><\/ul><\/div>\n<form action=\"\/en\/wp-json\/wp\/v2\/pages\/132#wpcf7-f131-o1\" method=\"post\" class=\"wpcf7-form init\" aria-label=\"Contact form\" novalidate=\"novalidate\" data-status=\"init\" data-trp-original-action=\"\/en\/wp-json\/wp\/v2\/pages\/132#wpcf7-f131-o1\">\n<fieldset class=\"hidden-fields-container\"><input type=\"hidden\" name=\"_wpcf7\" value=\"131\" \/><input type=\"hidden\" name=\"_wpcf7_version\" value=\"6.1.2\" \/><input type=\"hidden\" name=\"_wpcf7_locale\" value=\"sk_SK\" \/><input type=\"hidden\" name=\"_wpcf7_unit_tag\" value=\"wpcf7-f131-o1\" \/><input type=\"hidden\" name=\"_wpcf7_container_post\" value=\"0\" \/><input type=\"hidden\" name=\"_wpcf7_posted_data_hash\" value=\"\" \/><input type=\"hidden\" name=\"_wpcf7_recaptcha_response\" value=\"\" \/>\n<\/fieldset>\n<p><label> Name<br \/>\n<span class=\"wpcf7-form-control-wrap\" data-name=\"your-name\"><input size=\"40\" maxlength=\"400\" class=\"wpcf7-form-control wpcf7-text wpcf7-validates-as-required\" autocomplete=\"name\" aria-required=\"true\" aria-invalid=\"false\" value=\"\" type=\"text\" name=\"your-name\" \/><\/span><br \/>\n<\/label>\n<\/p>\n<p><label> Phone number<br \/>\n<span class=\"wpcf7-form-control-wrap\" data-name=\"your-phone\"><input size=\"40\" maxlength=\"400\" class=\"wpcf7-form-control wpcf7-tel wpcf7-validates-as-required wpcf7-text wpcf7-validates-as-tel\" autocomplete=\"tel\" aria-required=\"true\" aria-invalid=\"false\" value=\"\" type=\"tel\" name=\"your-phone\" \/><\/span><br \/>\n<\/label>\n<\/p>\n<p><label> City<br \/>\n<span class=\"wpcf7-form-control-wrap\" data-name=\"your-city\"><input size=\"40\" maxlength=\"400\" class=\"wpcf7-form-control wpcf7-text\" aria-invalid=\"false\" value=\"\" type=\"text\" name=\"your-city\" \/><\/span><br \/>\n<\/label>\n<\/p>\n<p><label> E-mail<br \/>\n<span class=\"wpcf7-form-control-wrap\" data-name=\"your-email\"><input size=\"40\" maxlength=\"400\" class=\"wpcf7-form-control wpcf7-email wpcf7-validates-as-required wpcf7-text wpcf7-validates-as-email\" autocomplete=\"email\" aria-required=\"true\" aria-invalid=\"false\" value=\"\" type=\"email\" name=\"your-email\" \/><\/span><br \/>\n<\/label>\n<\/p>\n<p><label> Name of the study<br \/>\n<span class=\"wpcf7-form-control-wrap\" data-name=\"your-studio\"><input size=\"40\" maxlength=\"400\" class=\"wpcf7-form-control wpcf7-text\" aria-invalid=\"false\" value=\"\" type=\"text\" name=\"your-studio\" \/><\/span><br \/>\n<\/label>\n<\/p>\n<p><label> Instagram account<br \/>\n<span class=\"wpcf7-form-control-wrap\" data-name=\"your-instagram\"><input size=\"40\" maxlength=\"400\" class=\"wpcf7-form-control wpcf7-url wpcf7-text wpcf7-validates-as-url\" aria-invalid=\"false\" value=\"https:\/\/\" type=\"url\" name=\"your-instagram\" \/><\/span><br \/>\n<\/label>\n<\/p>\n<p><label> Preferred category<br \/>\n<span class=\"wpcf7-form-control-wrap\" data-name=\"your-category\"><select class=\"wpcf7-form-control wpcf7-select\" aria-invalid=\"false\" name=\"your-category\"><option value=\"BLACK\/BLACK &amp; GREY\">BLACK\/BLACK &amp; GREY<\/option><option value=\"BLACK\/BLACK &amp; GREY 2 days\">BLACK\/BLACK &amp; GREY 2 days<\/option><option value=\"COLOR\">COLOR<\/option><option value=\"COLOR 2days\">COLOR 2days<\/option><option value=\"CARTOON \/ ANIME\">CARTOON \/ ANIME<\/option><option value=\"OLD SCHOOL\">OLD SCHOOL<\/option><option value=\"NEWIE (ZA\u010cIATO\u010cN\u00cdCI)\">NEWIE (BEGINNERS)<\/option><option value=\"HORROR\">HORROR<\/option><option value=\"FREEHAND\">FREEHAND<\/option><option value=\"COLLABO\">COLLABO<\/option><option value=\"ALTERNATIVE 2days\">ALTERNATIVE 2days<\/option><option value=\"SMALL TATTOO 2days\">SMALL TATTOO 2days<\/option><\/select><\/span><br \/>\n<\/label>\n<\/p>\n<p><label> Upload photos of your best work<br \/>\n(ideally with a black background)<br \/>\n<span class=\"wpcf7-form-control-wrap\" data-name=\"your-works\"><input size=\"40\" class=\"wpcf7-form-control wpcf7-drag-n-drop-file d-none\" aria-required=\"true\" aria-invalid=\"false\" type=\"file\" multiple=\"multiple\" data-name=\"your-works\" data-type=\"jpeg|png|jpg\" data-limit=\"10485760\" data-min=\"2\" data-max=\"3\" data-id=\"131\" data-version=\"free version 1.3.9.1\" accept=\".jpeg, .png, .jpg\" data-black-list=\"exe|bat|com\" \/><\/span><br \/>\n<\/label>\n<\/p>\n<span class=\"wpcf7-form-control-wrap recaptcha\" data-name=\"recaptcha\"><span data-sitekey=\"6LdMAOIqAAAAAOU5ZAqrJTJais4S43NxNwkzUJvB\" class=\"wpcf7-form-control wpcf7-recaptcha g-recaptcha\"><\/span>\r\n<noscript>\r\n\t<div class=\"grecaptcha-noscript\">\r\n\t\t<iframe loading=\"lazy\" src=\"https:\/\/www.google.com\/recaptcha\/api\/fallback?k=6LdMAOIqAAAAAOU5ZAqrJTJais4S43NxNwkzUJvB\" frameborder=\"0\" scrolling=\"no\" width=\"310\" height=\"430\">\r\n\t\t<\/iframe>\r\n\t\t<textarea name=\"g-recaptcha-response\" rows=\"3\" cols=\"40\" placeholder=\"reCaptcha Response Here\">\r\n\t\t<\/textarea>\r\n\t<\/div>\r\n<\/noscript>\r\n<\/span>\n<p><input class=\"wpcf7-form-control wpcf7-submit has-spinner\" type=\"submit\" value=\"Send\" \/>\n<\/p><div class=\"wpcf7-response-output\" aria-hidden=\"true\"><\/div>\n<input type=\"hidden\" name=\"trp-form-language\" value=\"en\"\/><\/form>\n<\/div>","protected":false},"excerpt":{"rendered":"<p>Prihl\u00e1\u0161ka pre tat\u00e9rov Zapisn\u00e9 na Tatransk\u00e9ho Tat\u00e9ra 2 dni \/ 220\u20ac Z\u00e1loha 100\u20ac Prihlasovanie pre tat\u00e9rov na tento ro\u010dn\u00edk je spusten\u00e9.<\/p>","protected":false},"author":1,"featured_media":0,"parent":0,"menu_order":0,"comment_status":"closed","ping_status":"closed","template":"templates\/default-page-template.php","meta":{"footnotes":""},"class_list":["post-132","page","type-page","status-publish","hentry"],"_links":{"self":[{"href":"https:\/\/www.tatranskytater.sk\/en\/wp-json\/wp\/v2\/pages\/132","targetHints":{"allow":["GET"]}}],"collection":[{"href":"https:\/\/www.tatranskytater.sk\/en\/wp-json\/wp\/v2\/pages"}],"about":[{"href":"https:\/\/www.tatranskytater.sk\/en\/wp-json\/wp\/v2\/types\/page"}],"author":[{"embeddable":true,"href":"https:\/\/www.tatranskytater.sk\/en\/wp-json\/wp\/v2\/users\/1"}],"replies":[{"embeddable":true,"href":"https:\/\/www.tatranskytater.sk\/en\/wp-json\/wp\/v2\/comments?post=132"}],"version-history":[{"count":11,"href":"https:\/\/www.tatranskytater.sk\/en\/wp-json\/wp\/v2\/pages\/132\/revisions"}],"predecessor-version":[{"id":400,"href":"https:\/\/www.tatranskytater.sk\/en\/wp-json\/wp\/v2\/pages\/132\/revisions\/400"}],"wp:attachment":[{"href":"https:\/\/www.tatranskytater.sk\/en\/wp-json\/wp\/v2\/media?parent=132"}],"curies":[{"name":"wp","href":"https:\/\/api.w.org\/{rel}","templated":true}]}}