{"id":115,"date":"2025-01-20T17:37:46","date_gmt":"2025-01-20T17:37:46","guid":{"rendered":"https:\/\/www.tatranskytater.sk\/?page_id=115"},"modified":"2025-10-16T08:30:55","modified_gmt":"2025-10-16T08:30:55","slug":"vstupenky","status":"publish","type":"page","link":"https:\/\/www.tatranskytater.sk\/en\/vstupenky\/","title":{"rendered":"Tickets"},"content":{"rendered":"<div class=\"wp-block-columns content-post is-layout-flex wp-container-core-columns-is-layout-9d6595d7 wp-block-columns-is-layout-flex\">\n<div class=\"wp-block-column is-vertically-aligned-center is-layout-flow wp-block-column-is-layout-flow\">\n<h3 class=\"wp-block-heading has-text-align-center\">Tickets are not yet on sale<\/h3>\n\n\n\n<p class=\"has-text-align-center\">Ticket sales will start soon. Thank you for your patience, and we look forward to seeing you.<\/p>\n<\/div>\n\n\n\n<div class=\"wp-block-column is-vertically-aligned-center is-layout-flow wp-block-column-is-layout-flow\"><div class=\"wp-block-image\">\n<figure class=\"aligncenter size-full\"><img loading=\"lazy\" decoding=\"async\" width=\"707\" height=\"330\" src=\"https:\/\/www.tatranskytater.sk\/wp-content\/uploads\/2025\/02\/ticketportal.png\" alt=\"\" class=\"wp-image-308\" srcset=\"https:\/\/www.tatranskytater.sk\/wp-content\/uploads\/2025\/02\/ticketportal.png 707w, https:\/\/www.tatranskytater.sk\/wp-content\/uploads\/2025\/02\/ticketportal-300x140.png 300w\" sizes=\"auto, (max-width: 707px) 100vw, 707px\" \/><\/figure><\/div><\/div>\n<\/div>\n\n\n\n<div style=\"height:24px\" aria-hidden=\"true\" class=\"wp-block-spacer\"><\/div>\n\n\n\n<p class=\"has-text-align-center\">For information on visiting conditions, please see the visiting rules, which can be found <a href=\"https:\/\/www.tatranskytater.sk\/wp-content\/uploads\/2025\/05\/navstevny-poriadok.pdf\">here.<\/a><\/p>\n\n\n\n<p><\/p>","protected":false},"excerpt":{"rendered":"<p>Vstupenky e\u0161te nie s\u00fa v predaji Predaj vstupeniek bude spusten\u00fd \u010doskoro. \u010eakujeme za trpezlivos\u0165 a te\u0161\u00edme sa na v\u00e1s. Pre inform\u00e1cie o podmienkach n\u00e1v\u0161tev si pros\u00edm pozrite n\u00e1v\u0161tevn\u00fd poriadok, ktor\u00fd n\u00e1jdete tu.<\/p>","protected":false},"author":1,"featured_media":0,"parent":0,"menu_order":0,"comment_status":"closed","ping_status":"closed","template":"templates\/default-page-template.php","meta":{"footnotes":""},"class_list":["post-115","page","type-page","status-publish","hentry"],"_links":{"self":[{"href":"https:\/\/www.tatranskytater.sk\/en\/wp-json\/wp\/v2\/pages\/115","targetHints":{"allow":["GET"]}}],"collection":[{"href":"https:\/\/www.tatranskytater.sk\/en\/wp-json\/wp\/v2\/pages"}],"about":[{"href":"https:\/\/www.tatranskytater.sk\/en\/wp-json\/wp\/v2\/types\/page"}],"author":[{"embeddable":true,"href":"https:\/\/www.tatranskytater.sk\/en\/wp-json\/wp\/v2\/users\/1"}],"replies":[{"embeddable":true,"href":"https:\/\/www.tatranskytater.sk\/en\/wp-json\/wp\/v2\/comments?post=115"}],"version-history":[{"count":25,"href":"https:\/\/www.tatranskytater.sk\/en\/wp-json\/wp\/v2\/pages\/115\/revisions"}],"predecessor-version":[{"id":398,"href":"https:\/\/www.tatranskytater.sk\/en\/wp-json\/wp\/v2\/pages\/115\/revisions\/398"}],"wp:attachment":[{"href":"https:\/\/www.tatranskytater.sk\/en\/wp-json\/wp\/v2\/media?parent=115"}],"curies":[{"name":"wp","href":"https:\/\/api.w.org\/{rel}","templated":true}]}}