{"id":103,"date":"2025-01-12T13:00:18","date_gmt":"2025-01-12T13:00:18","guid":{"rendered":"https:\/\/www.tatranskytater.sk\/?page_id=103"},"modified":"2026-02-09T15:10:30","modified_gmt":"2026-02-09T15:10:30","slug":"kategorie","status":"publish","type":"page","link":"https:\/\/www.tatranskytater.sk\/en\/kategorie\/","title":{"rendered":"Categories"},"content":{"rendered":"<div class=\"wp-block-group\"><div class=\"wp-block-group__inner-container is-layout-constrained wp-block-group-is-layout-constrained\">\n<div class=\"wp-block-group content-post is-vertical is-content-justification-center is-layout-flex wp-container-core-group-is-layout-4b2eccd6 wp-block-group-is-layout-flex\">\n<h1 class=\"wp-block-heading\">COMPETITION CATEGORIES<\/h1>\n\n\n\n<p><\/p>\n\n\n\n<div class=\"wp-block-group is-vertical is-layout-flex wp-container-core-group-is-layout-8cf370e7 wp-block-group-is-layout-flex\">\n<p class=\"has-text-align-center has-medium-font-size\"><strong>The theme\/theme (except for the main categories), style and placement of the competition tattoo are free for each competitor, but it must fall into one of the categories.&nbsp;<\/strong><\/p>\n\n\n\n<p class=\"has-text-align-center has-medium-font-size\"><strong>Entire tattoos, including stencil placement, must be done exclusively at the Tattoo Festival premises. One competitive tattoo or even just a part of it can be entered ONLY IN ONE of the following categories:<\/strong><\/p>\n<\/div>\n<\/div>\n\n\n\n<h1 class=\"wp-block-heading content-post has-text-color has-link-color wp-elements-090843916e806fbdd411eef685c4f7b4\" style=\"color:#d73816\">1-day categories: Saturday<\/h1>\n\n\n\n<div class=\"wp-block-group content-post is-vertical is-layout-flex wp-container-core-group-is-layout-8cf370e7 wp-block-group-is-layout-flex\">\n<h2 class=\"wp-block-heading\" id=\"wnd_TextBlock_11555_inner_0\">BLACK\/BLACK &amp; GREY<\/h2>\n\n\n\n<hr class=\"wp-block-separator has-alpha-channel-opacity\"\/>\n\n\n\n<p id=\"wnd_TextBlock_11555_inner_1\">\u2013 a tattoo created using black paint, or black paint in combination with shading paints or shades of gray<br>\u2013 the tattoo can be any size, style, or technique used<br>\u2013 the use of white is permitted<br>\u2013 any size, style and technique<br>\u2013 the use of any other color is prohibited<br>\u2013 <strong>deadline\/tattoo presentation by 6:00 PM<\/strong><\/p>\n<\/div>\n\n\n\n<div class=\"wp-block-group content-post is-vertical is-layout-flex wp-container-core-group-is-layout-8cf370e7 wp-block-group-is-layout-flex\">\n<h2 class=\"wp-block-heading\">COLOR<\/h2>\n\n\n\n<hr class=\"wp-block-separator has-alpha-channel-opacity\"\/>\n\n\n\n<p>\u2013 color tattoo that uses at least 5 different colors<\/p>\n\n\n\n<p>\u2013 any size, style and technique<\/p>\n\n\n\n<p>&#8211; <strong>deadline\/tattoo presentation by 6:00 PM<\/strong><\/p>\n<\/div>\n\n\n\n<div class=\"wp-block-group content-post is-vertical is-layout-flex wp-container-core-group-is-layout-8cf370e7 wp-block-group-is-layout-flex\">\n<h2 class=\"wp-block-heading\" id=\"wnd_TextBlock_1392_inner_0\">CARTOON \/ ANIME<\/h2>\n\n\n\n<hr class=\"wp-block-separator has-alpha-channel-opacity\"\/>\n\n\n\n<p id=\"wnd_TextBlock_1392_inner_1\">\u2013 this includes cartoon\/anime, cartoon characters, game characters, creatures from fairy tales, etc.<\/p>\n\n\n\n<p id=\"wnd_TextBlock_1392_inner_2\">\u2013 any colors and sizes<\/p>\n\n\n\n<p id=\"wnd_TextBlock_1392_inner_3\">&#8211; <strong>deadline\/tattoo presentation by 6:00 PM<\/strong><\/p>\n<\/div>\n\n\n\n<div class=\"wp-block-group content-post is-vertical is-layout-flex wp-container-core-group-is-layout-8cf370e7 wp-block-group-is-layout-flex\">\n<h2 class=\"wp-block-heading\">OLD SCHOOL<\/h2>\n\n\n\n<hr class=\"wp-block-separator has-alpha-channel-opacity\"\/>\n\n\n\n<p>\u2013 these include traditional tattoos, which are characterized by strong black outlines, a limited color palette, and iconic motifs.<\/p>\n\n\n\n<p>\u2013 any size<\/p>\n\n\n\n<p>&#8211; <strong>deadline\/tattoo presentation by 6:00 PM<\/strong><\/p>\n<\/div>\n\n\n\n<div class=\"wp-block-group content-post is-vertical is-layout-flex wp-container-core-group-is-layout-8cf370e7 wp-block-group-is-layout-flex\">\n<h2 class=\"wp-block-heading\" id=\"wnd_TextBlock_41735_inner_4\">NEWIE (BEGINNERS)<\/h2>\n\n\n\n<hr class=\"wp-block-separator has-alpha-channel-opacity\"\/>\n\n\n\n<p id=\"wnd_TextBlock_41735_inner_5\">\u2013 category intended exclusively for beginners, i.e. people who started tattooing in 2025 (if you tattooed in 2024 and do not belong to this category before); in case of violation of this condition, the award may be withdrawn additionally<br>\u2013 any color, size and style<br>\u2013 <strong>deadline\/tattoo presentation by 6:00 PM<\/strong><\/p>\n<\/div>\n\n\n\n<h1 class=\"wp-block-heading content-post has-text-color has-link-color wp-elements-7b47034800a5af67763eb2ca6cef6164\" style=\"color:#d73816\">2-day categories: Saturday and Sunday<\/h1>\n\n\n\n<div class=\"wp-block-group content-post is-vertical is-layout-flex wp-container-core-group-is-layout-8cf370e7 wp-block-group-is-layout-flex\">\n<h2 class=\"wp-block-heading\">BLACK\/BLACK &amp; GREY 2days<\/h2>\n\n\n\n<hr class=\"wp-block-separator has-alpha-channel-opacity\"\/>\n\n\n\n<h3 class=\"wp-block-heading\">Mandatory Skull theme<\/h3>\n\n\n\n<p>\u2013 <strong>The motif must include a skull<\/strong>&nbsp;&nbsp;<br>\u2013 a tattoo created using black paint, or black paint in combination with shading paints or shades of gray<br>\u2013 the tattoo can be any size, or any technique can be used<br>\u2013 the use of white is permitted<br>\u2013 any size, style and technique<br>\u2013 the use of any other color is prohibited<br>\u2013<strong> deadline\/tattoo presentation by 6:00 PM<\/strong><\/p>\n<\/div>\n\n\n\n<div class=\"wp-block-group content-post is-vertical is-layout-flex wp-container-core-group-is-layout-8cf370e7 wp-block-group-is-layout-flex\">\n<h2 class=\"wp-block-heading\">COLOR 2days<\/h2>\n\n\n\n<hr class=\"wp-block-separator has-alpha-channel-opacity\"\/>\n\n\n\n<h3 class=\"wp-block-heading\"><strong>Mandatory Skull theme<\/strong><\/h3>\n\n\n\n<p>\u2013 <strong>The motif must include a skull&nbsp;<\/strong>&nbsp;<br>\u2013 color tattoo that uses at least 5 different colors<br>\u2013 the tattoo can be any size, or any technique can be used<br>\u2013 any size and style<br>\u2013 <strong>deadline\/tattoo presentation by 6:00 PM<\/strong><\/p>\n<\/div>\n\n\n\n<div class=\"wp-block-group content-post is-vertical is-layout-flex wp-container-core-group-is-layout-8cf370e7 wp-block-group-is-layout-flex\">\n<h2 class=\"wp-block-heading\">HORROR<\/h2>\n\n\n\n<hr class=\"wp-block-separator has-alpha-channel-opacity\"\/>\n\n\n\n<p>\u2013 any style and any colors with a horror theme (from scary to violent and terrifying)<br>\u2013 any size, color, style and technique<br>\u2013 <strong>deadline\/tattoo presentation by 6:00 PM<\/strong><\/p>\n<\/div>\n\n\n\n<div class=\"wp-block-group content-post is-vertical is-layout-flex wp-container-core-group-is-layout-8cf370e7 wp-block-group-is-layout-flex\">\n<h2 class=\"wp-block-heading\" id=\"wnd_TextBlock_14448_inner_0\">FREEHAND<\/h2>\n\n\n\n<hr class=\"wp-block-separator has-alpha-channel-opacity\"\/>\n\n\n\n<p id=\"wnd_TextBlock_14448_inner_1\">\u2013 any style and any colors, the only condition is that the entire tattoo must be done exclusively on the premises of the Tattoo Festival, without using overprinting.<br>\u2013 any size, any colors, any style and technique<br><strong>\u2013 deadline\/tattoo presentation by 6:00 PM<\/strong><\/p>\n<\/div>\n\n\n\n<div class=\"wp-block-group content-post is-vertical is-layout-flex wp-container-core-group-is-layout-8cf370e7 wp-block-group-is-layout-flex\">\n<h2 class=\"wp-block-heading\">ALTERNATIVE<\/h2>\n\n\n\n<hr class=\"wp-block-separator has-alpha-channel-opacity\"\/>\n\n\n\n<p>\u2013 any color, size, style and technique<\/p>\n\n\n\n<p>\u2013 this category serves as a replacement for categories that are not published as competitive for this year, e.g. Mandala, Linework, Lettering, etc.<br>\u2013 does not serve as a category for undecided people, i.e. if your tattoo meets the conditions for, for example, Color, this category is not for you<br>\u2013 <strong>deadline\/tattoo presentation by 6:00 PM<\/strong><\/p>\n<\/div>\n\n\n\n<div class=\"wp-block-group content-post is-vertical is-layout-flex wp-container-core-group-is-layout-8cf370e7 wp-block-group-is-layout-flex\">\n<h2 class=\"wp-block-heading\">SMALL TATTOO<\/h2>\n\n\n\n<hr class=\"wp-block-separator has-alpha-channel-opacity\"\/>\n\n\n\n<p>\u2013 any color, size, style and technique<\/p>\n\n\n\n<p>\u2013 only small tattoos up to 6\u00d76 cm,<br>\u2013 size configurations such as 7\u00d75 cm, 8\u00d74 cm, etc. are prohibited \u2013 size 6 cm must not be exceeded<br>\u2013 a tattoo artist who is also registered in another category on the first day of the tattoo festival can also apply for the SMALL category<br>\u2013 this category is primarily intended as a supplementary category, i.e. it is possible to apply for it in addition to the preferred category<br>\u2013 each tattoo artist can only enter this category with one tattoo<br>\u2013 <strong>deadline\/tattoo presentation by 3:00 PM<\/strong><\/p>\n<\/div>\n\n\n\n<div class=\"wp-block-group content-post is-vertical is-layout-flex wp-container-core-group-is-layout-8cf370e7 wp-block-group-is-layout-flex\">\n<h2 class=\"wp-block-heading\">COLLAB<\/h2>\n\n\n\n<hr class=\"wp-block-separator has-alpha-channel-opacity\"\/>\n\n\n\n<p>\u2013 Any style and any colors, the only condition is that the entire tattoo must be done exclusively on the premises of the Tatra Festival. <\/p>\n\n\n\n<p>\u2013 Collaboration between two tattoo artists<\/p>\n\n\n\n<p>\u2013 Any size, color, style, and technique<\/p>\n\n\n\n<p>\u2013 Deadline\/presentation of tattoos by 6 p.m.<\/p>\n<\/div>\n<\/div><\/div>","protected":false},"excerpt":{"rendered":"<p>S\u00da\u0164A\u017dN\u00c9 KATEG\u00d3RIE Mot\u00edv\/T\u00e9ma (okrem hlavn\u00fdch kateg\u00f3rii), \u0161t\u00fdl a umiestnenie s\u00fa\u0165a\u017en\u00e9ho tetovania s\u00fa pre ka\u017ed\u00e9ho s\u00fa\u0165a\u017eiaceho \u013eubovo\u013en\u00e9, mus\u00ed v\u0161ak spada\u0165 do jednej z kateg\u00f3ri\u00ed.&nbsp; Cel\u00e9 tetovania vr\u00e1tane umiestnenia stencilu musia by\u0165 uroben\u00e9 v\u00fdhradne v priestoroch Tat\u00e9rskeho festivalu. Jedno s\u00fa\u0165a\u017en\u00e9 tetovanie alebo aj len jeho \u010das\u0165 je mo\u017en\u00e9 prihl\u00e1si\u0165 LEN DO JEDNEJ z nasleduj\u00facich kateg\u00f3ri\u00ed: Kat\u00e9gorie 1 [&hellip;]<\/p>","protected":false},"author":1,"featured_media":0,"parent":0,"menu_order":0,"comment_status":"closed","ping_status":"closed","template":"templates\/default-page-template.php","meta":{"footnotes":""},"class_list":["post-103","page","type-page","status-publish","hentry"],"_links":{"self":[{"href":"https:\/\/www.tatranskytater.sk\/en\/wp-json\/wp\/v2\/pages\/103","targetHints":{"allow":["GET"]}}],"collection":[{"href":"https:\/\/www.tatranskytater.sk\/en\/wp-json\/wp\/v2\/pages"}],"about":[{"href":"https:\/\/www.tatranskytater.sk\/en\/wp-json\/wp\/v2\/types\/page"}],"author":[{"embeddable":true,"href":"https:\/\/www.tatranskytater.sk\/en\/wp-json\/wp\/v2\/users\/1"}],"replies":[{"embeddable":true,"href":"https:\/\/www.tatranskytater.sk\/en\/wp-json\/wp\/v2\/comments?post=103"}],"version-history":[{"count":23,"href":"https:\/\/www.tatranskytater.sk\/en\/wp-json\/wp\/v2\/pages\/103\/revisions"}],"predecessor-version":[{"id":415,"href":"https:\/\/www.tatranskytater.sk\/en\/wp-json\/wp\/v2\/pages\/103\/revisions\/415"}],"wp:attachment":[{"href":"https:\/\/www.tatranskytater.sk\/en\/wp-json\/wp\/v2\/media?parent=103"}],"curies":[{"name":"wp","href":"https:\/\/api.w.org\/{rel}","templated":true}]}}